{"id":1488,"date":"2024-10-23T18:10:20","date_gmt":"2024-10-23T15:10:20","guid":{"rendered":"https:\/\/basinplatformu.com\/?page_id=1488"},"modified":"2024-10-31T17:04:26","modified_gmt":"2024-10-31T14:04:26","slug":"baskanin-mesaji","status":"publish","type":"page","link":"https:\/\/basinplatformu.com\/index.php\/baskanin-mesaji\/","title":{"rendered":"Ba\u015fkan\u0131n Mesaj\u0131"},"content":{"rendered":"\n<p><strong>Gazetecilerin sesi ve bas\u0131n emek\u00e7ilerinin g\u00fcvencesi olaca\u011f\u0131z<\/strong><\/p>\n\n\n\n<p>Herkese merhaba\u2026 <\/p>\n\n\n\n<p>Bas\u0131n Platformu olarak hayata ge\u00e7irece\u011fimiz projeler, T\u00fcrkiye\u2019de gazetecilerin kar\u015f\u0131 kar\u015f\u0131ya kald\u0131\u011f\u0131 zorluklar\u0131 a\u015fmas\u0131n\u0131 ve bas\u0131n emek\u00e7ilerinin haklar\u0131n\u0131 korumay\u0131 hedeflemektedir.<\/p>\n\n\n\n<p>Bu olu\u015fum yaln\u0131zca gazetecilerin mesleki itibar\u0131n\u0131 korumakla kalmayacak, ayn\u0131 zamanda onlar\u0131n ya\u015fam standartlar\u0131n\u0131 iyile\u015ftirmek i\u00e7in de \u00e7e\u015fitli ad\u0131mlar atmam\u0131z\u0131 sa\u011flayacak. Gazetecili\u011fin, \u00f6zellikle T\u00fcrkiye\u2019dene kadar zor oldu\u011fu, her g\u00fcn ya\u015fanan sorunlar, bask\u0131lar ve s\u0131n\u0131rlamalarla net bir \u015fekilde g\u00f6r\u00fcl\u00fcyor.<\/p>\n\n\n\n<p>T\u00fcrkiye\u2019de gazetecilik; sans\u00fcr, i\u015f g\u00fcvencesizli\u011fi, uzun \u00e7al\u0131\u015fma saatleri ve d\u00fc\u015f\u00fck \u00fccretler gibi sorunlarla adeta bir hayatta kalma m\u00fccadelesihaline gelmi\u015f durumda. Bu mesle\u011fi icra edenler, \u00f6zg\u00fcr habercili\u011fin savunucular\u0131 konumunda ve kamunun g\u00f6z\u00fc kula\u011f\u0131 olsalar da, kendi seslerini duyurmakta dahi zorlan\u0131yorlar. Bas\u0131n emek\u00e7ilerinin kar\u015f\u0131 kar\u015f\u0131ya kald\u0131\u011f\u0131 bu ko\u015fullar, sekt\u00f6rde kalifiye insan g\u00fcc\u00fcn\u00fc de giderek azalt\u0131yor.<\/p>\n\n\n\n<p>Bas\u0131n Platformu bas\u0131n sekt\u00f6r\u00fcnde \u00f6rg\u00fctlenme bilincini art\u0131rmay\u0131, gazetecilerin sosyal haklar\u0131n\u0131 geni\u015fletmeyi ve medya \u00fczerindeki bask\u0131lar\u0131n azalt\u0131lmas\u0131 i\u00e7in m\u00fccadele etmeyi hedefliyor. Bu kapsamda, gazetecilere mesleki e\u011fitimler verilerek onlar\u0131n g\u00fcncel bilgi ve becerilerle donat\u0131lmas\u0131, platformun \u00f6ncelikli hedefleri aras\u0131nda yer al\u0131yor.<\/p>\n\n\n\n<p>Ayn\u0131 zamanda, hukuki destek sa\u011flayarak meslekta\u015flar\u0131m\u0131z\u0131n maruz kald\u0131\u011f\u0131 hak ihlallerine kar\u015f\u0131 koruma sa\u011flamak da bizler i\u00e7in b\u00fcy\u00fck \u00f6nem ta\u015f\u0131yor.<\/p>\n\n\n\n<p>Teknolojinin h\u0131zla geli\u015fmesiyle birlikte bas\u0131n sekt\u00f6r\u00fcnde k\u00f6kl\u00fc de\u011fi\u015fiklikler ya\u015fan\u0131yor. Dijitalle\u015fme ve sosyal medya kanallar\u0131na olan y\u00f6nelim, bir yandan haberlere eri\u015fimi kolayla\u015ft\u0131r\u0131rken, di\u011fer yandan yerel bas\u0131n ve k\u00fc\u00e7\u00fck \u00f6l\u00e7ekli medya kurulu\u015flar\u0131 i\u00e7in ciddi problemler do\u011furuyor. \u00d6zellikle yerel gazeteler, dijital medya devlerinin g\u00f6lgesinde kal\u0131yor ve reklam gelirleri b\u00fcy\u00fck oranda azal\u0131yor. Bu durum, hem yerel bas\u0131n\u0131n ayakta kalmas\u0131n\u0131 zorla\u015ft\u0131r\u0131yor hem de gazetecilerin i\u015flerini s\u00fcrd\u00fcrebilmeleri i\u00e7in gerekli finansal kaynaklar\u0131 bulmalar\u0131n\u0131 imk\u00e2ns\u0131z hale getiriyor.<\/p>\n\n\n\n<p>Neticede, a\u015fmam\u0131z gereken sorunlar\u0131n \u00e7ok fazla oldu\u011funun fark\u0131nday\u0131z.<\/p>\n\n\n\n<p>Bas\u0131n Platformu olarak, meslekta\u015flar\u0131m\u0131z\u0131n haklar\u0131n\u0131 savunan bir yap\u0131 haliyle g\u00fc\u00e7l\u00fc bir \u015fekilde ilerlemek istiyoruz. Yeni soluklu projeler, bas\u0131n\u0131n ba\u011f\u0131ms\u0131zl\u0131\u011f\u0131 ve \u00f6zg\u00fcrl\u00fc\u011f\u00fc i\u00e7in hayati \u00f6nem ta\u015f\u0131yor. Bas\u0131n \u00e7al\u0131\u015fanlar\u0131n\u0131n sesini duyurmak ve onlar\u0131n kar\u015f\u0131la\u015ft\u0131\u011f\u0131 zorluklara \u00e7\u00f6z\u00fcm bulmak i\u00e7in kararl\u0131 bir m\u00fccadele s\u00fcrd\u00fcrece\u011fiz.<\/p>\n\n\n\n<p>M.Remzi Tan\u0131\u015f<\/p>\n\n\n\n<p>Bas\u0131n Platformu Ba\u015fkan\u0131<\/p>\n","protected":false},"excerpt":{"rendered":"<p>Gazetecilerin sesi ve bas\u0131n emek\u00e7ilerinin g\u00fcvencesi olaca\u011f\u0131z&#46;&#46;&#46;<\/p>\n","protected":false},"author":1,"featured_media":1533,"parent":0,"menu_order":0,"comment_status":"closed","ping_status":"closed","template":"","meta":{"footnotes":""},"class_list":["post-1488","page","type-page","status-publish","has-post-thumbnail","hentry"],"_links":{"self":[{"href":"https:\/\/basinplatformu.com\/index.php\/wp-json\/wp\/v2\/pages\/1488","targetHints":{"allow":["GET"]}}],"collection":[{"href":"https:\/\/basinplatformu.com\/index.php\/wp-json\/wp\/v2\/pages"}],"about":[{"href":"https:\/\/basinplatformu.com\/index.php\/wp-json\/wp\/v2\/types\/page"}],"author":[{"embeddable":true,"href":"https:\/\/basinplatformu.com\/index.php\/wp-json\/wp\/v2\/users\/1"}],"replies":[{"embeddable":true,"href":"https:\/\/basinplatformu.com\/index.php\/wp-json\/wp\/v2\/comments?post=1488"}],"version-history":[{"count":4,"href":"https:\/\/basinplatformu.com\/index.php\/wp-json\/wp\/v2\/pages\/1488\/revisions"}],"predecessor-version":[{"id":1532,"href":"https:\/\/basinplatformu.com\/index.php\/wp-json\/wp\/v2\/pages\/1488\/revisions\/1532"}],"wp:featuredmedia":[{"embeddable":true,"href":"https:\/\/basinplatformu.com\/index.php\/wp-json\/wp\/v2\/media\/1533"}],"wp:attachment":[{"href":"https:\/\/basinplatformu.com\/index.php\/wp-json\/wp\/v2\/media?parent=1488"}],"curies":[{"name":"wp","href":"https:\/\/api.w.org\/{rel}","templated":true}]}}