{"id":1491,"date":"2024-10-23T18:10:35","date_gmt":"2024-10-23T15:10:35","guid":{"rendered":"https:\/\/basinplatformu.com\/?page_id=1491"},"modified":"2024-10-31T17:09:18","modified_gmt":"2024-10-31T14:09:18","slug":"manifesto","status":"publish","type":"page","link":"https:\/\/basinplatformu.com\/index.php\/manifesto\/","title":{"rendered":"Manifesto"},"content":{"rendered":"\n<p>Bas\u0131n \u00d6zg\u00fcrd\u00fcr, Gazetecilik Onurludur!<\/p>\n\n\n\n<p>2023 y\u0131l\u0131nda \u0130stanbul\u2019da usta gazeteci Remzi Tan\u0131\u015f \u00f6nderli\u011finde ve \u00e7ok say\u0131da bas\u0131n mensubunun kat\u0131l\u0131m\u0131yla kurulan Bas\u0131n Platformu, gazetecilik mesle\u011finin T\u00fcrkiye\u2019deki onurunu yeniden kazand\u0131rmay\u0131 ve sekt\u00f6rde ya\u015fanan sorunlara kal\u0131c\u0131 \u00e7\u00f6z\u00fcmler sunmay\u0131 ama\u00e7lamaktad\u0131r.<\/p>\n\n\n\n<p>Bu manifestoyla birlikte, Platform\u2019un hedeflerini sizlerle payla\u015farak, bas\u0131n sekt\u00f6r\u00fcnde gereken de\u011fi\u015fimi sa\u011flama konusunda kararl\u0131l\u0131\u011f\u0131m\u0131z\u0131 bir kez daha ifade ediyoruz.<\/p>\n\n\n\n<p>Vizyonumuz, gazetecilik mesle\u011fini hak etti\u011fi sayg\u0131nl\u0131\u011fa kavu\u015fturarak, tarafs\u0131z, d\u00fcr\u00fcst ve \u00f6zg\u00fcr bir medya anlay\u0131\u015f\u0131n\u0131 t\u00fcm T\u00fcrkiye\u2019ye yerle\u015ftirmektir. Misyonumuz ise T\u00fcrkiye\u2019de gazetecili\u011fin ayaklar alt\u0131na al\u0131nm\u0131\u015f mesleki onurunutekrar kazand\u0131rmak, bas\u0131n mensuplar\u0131n\u0131n haklar\u0131n\u0131 savunmak ve bu do\u011frultuda etkili \u00e7\u00f6z\u00fcmler \u00fcretmektir.<\/p>\n\n\n\n<p>SES\u0130M\u0130Z\u0130 HER PLATFORMDA Y\u00dcKSELTECE\u011e\u0130Z<\/p>\n\n\n\n<p>Gazetecili\u011fin topluma olan sorumlulu\u011funu ve \u00f6nemini hat\u0131rlatarak, mesleki onurun tekrar aya\u011fa kald\u0131r\u0131lmas\u0131 i\u00e7in m\u00fccadele edece\u011fiz. Bas\u0131n \u00f6zg\u00fcrl\u00fc\u011f\u00fcn\u00fc savunmak, halk\u0131n do\u011fru bilgiye ula\u015fma hakk\u0131n\u0131 korumak ve gazetecilerin g\u00f6revlerini tarafs\u0131z bir \u015fekilde yerine getirebilmesini sa\u011flamak i\u00e7in her platformda sesimizi y\u00fckseltece\u011fiz.<\/p>\n\n\n\n<p>GAZETEC\u0130LER\u0130 YEN\u0130 D\u00dcNYAYA HAZIRLIYORUZ<\/p>\n\n\n\n<p>Geli\u015fen teknolojiyle birlikte gazetecilik mesle\u011fi de d\u00f6n\u00fc\u015f\u00fcm ge\u00e7irmektedir. Bu d\u00f6n\u00fc\u015f\u00fcm\u00fcn gazetecilere fayda sa\u011flayacak \u015fekilde ger\u00e7ekle\u015fmesi i\u00e7in gerekli \u00e7al\u0131\u015fmalar\u0131 yapaca\u011f\u0131z. Dijitalle\u015fme, yapay zeka ve sosyal medyan\u0131n etkilerini analiz ederek, bas\u0131n mensuplar\u0131n\u0131n bu yeni d\u00fcnyada yerini sa\u011flamla\u015ft\u0131rmas\u0131na destek olaca\u011f\u0131z.<\/p>\n\n\n\n<p>SERMAYEN\u0130N DE\u011e\u0130L HALKIN GAZETEC\u0130LER\u0130\u2026<\/p>\n\n\n\n<p>Medya ve bas\u0131n sekt\u00f6r\u00fcn\u00fcn b\u00fcy\u00fck sermaye sahiplerinin kontrol\u00fcnde olmas\u0131, gazetecilerin ba\u011f\u0131ms\u0131zl\u0131klar\u0131n\u0131 tehdit etmektedir. Gazetecilerin bu alandaki sorunlar\u0131n\u0131 dile getirmek ve \u00e7\u00f6z\u00fcm \u00f6nerileri sunmak, Bas\u0131n Platformu\u2019nun \u00f6ncelikli hedefleri aras\u0131ndad\u0131r. Medyan\u0131n ekonomik bask\u0131lardan ar\u0131nd\u0131r\u0131larak \u00f6zg\u00fcr bir \u015fekilde \u00e7al\u0131\u015fabilmesini sa\u011flamak i\u00e7in yap\u0131c\u0131 \u00f6neriler geli\u015ftirece\u011fiz.<\/p>\n\n\n\n<p>TARAFSIZ VE D\u00dcR\u00dcST GAZETEC\u0130LER\u0130N PLATFORMU<\/p>\n\n\n\n<p>Ki\u015fisel menfaatlerin \u00f6ne \u00e7\u0131kar\u0131lmad\u0131\u011f\u0131, tarafs\u0131z ve d\u00fcr\u00fcst gazetecilik anlay\u0131\u015f\u0131n\u0131 \u00fclkemize yeniden kazand\u0131rmak en \u00f6nemli hedeflerimizdendir. Gazetecili\u011fin temel ilkelerine ba\u011fl\u0131 kalarak, kamuoyunu do\u011fru ve objektif bir \u015fekilde bilgilendirmeyiama\u00e7l\u0131yoruz.<\/p>\n\n\n\n<p>GAZETEC\u0130LER\u0130N HAKKINI HER MECRADA SAVUNACA\u011eIZ<\/p>\n\n\n\n<p>Gazetecilik mesle\u011fi, g\u00fcn\u00fcm\u00fczde b\u00fcy\u00fck ekonomik zorluklarla bo\u011fu\u015fmaktad\u0131r. Sekt\u00f6r \u00e7al\u0131\u015fanlar\u0131n\u0131n daha iyi ko\u015fullarda \u00e7al\u0131\u015fabilmeleri i\u00e7in \u00e7\u00f6z\u00fcmler \u00fcretecek, meslekta\u015flar\u0131m\u0131z\u0131n haklar\u0131n\u0131 savunaca\u011f\u0131z. Bas\u0131n emek\u00e7ilerinin refah seviyesini y\u00fckseltmek i\u00e7in sendikal haklar\u0131 g\u00fc\u00e7lendirecek, i\u015f g\u00fcvencesini art\u0131racak ad\u0131mlar ataca\u011f\u0131z.<\/p>\n\n\n\n<p>G\u00dc\u00c7L\u00dc YEREL BASIN G\u00dc\u00c7L\u00dc DEMOKRAS\u0130 DEMEKT\u0130R<\/p>\n\n\n\n<p>T\u00fcrkiye\u2019nin d\u00f6rt bir yan\u0131nda fedakarca \u00e7al\u0131\u015fan yerel gazetecilerin ya\u015fad\u0131\u011f\u0131 zorluklar\u0131 g\u00fcndeme ta\u015f\u0131yaca\u011f\u0131z. Yerel bas\u0131n\u0131n g\u00fc\u00e7lenmesi, demokrasinin g\u00fc\u00e7lenmesi demektir. Bu do\u011frultuda yerel gazetecilerin sorunlar\u0131n\u0131 dinleyerek, \u00e7\u00f6z\u00fcm yollar\u0131 geli\u015ftirece\u011fiz.<\/p>\n\n\n\n<p>BU \u00c7ATININ ALTINDA ORTAK \u00c7\u00d6Z\u00dcMLER \u00dcRETECE\u011e\u0130Z<\/p>\n\n\n\n<p>Gazeteciler aras\u0131nda dayan\u0131\u015fmay\u0131 g\u00fc\u00e7lendirmek, ortak sorunlara kar\u015f\u0131 ortak \u00e7\u00f6z\u00fcmler \u00fcretmek i\u00e7in bir araya geliyoruz. Meslekta\u015flar\u0131m\u0131z\u0131 bir araya getirerek, sekt\u00f6r\u00fcn sorunlar\u0131na h\u0131zl\u0131 ve do\u011fru \u00e7\u00f6z\u00fcmler bulaca\u011f\u0131z. Birlikten do\u011fang\u00fcc\u00fcm\u00fczle, medya d\u00fcnyas\u0131nda ses getirecek ad\u0131mlar ataca\u011f\u0131z.<\/p>\n","protected":false},"excerpt":{"rendered":"<p>Bas\u0131n \u00d6zg\u00fcrd\u00fcr, Gazetecilik Onurludur! 2023 y\u0131l\u0131nda \u0130stanbul\u2019da&#46;&#46;&#46;<\/p>\n","protected":false},"author":1,"featured_media":1535,"parent":0,"menu_order":0,"comment_status":"closed","ping_status":"closed","template":"","meta":{"footnotes":""},"class_list":["post-1491","page","type-page","status-publish","has-post-thumbnail","hentry"],"_links":{"self":[{"href":"https:\/\/basinplatformu.com\/index.php\/wp-json\/wp\/v2\/pages\/1491","targetHints":{"allow":["GET"]}}],"collection":[{"href":"https:\/\/basinplatformu.com\/index.php\/wp-json\/wp\/v2\/pages"}],"about":[{"href":"https:\/\/basinplatformu.com\/index.php\/wp-json\/wp\/v2\/types\/page"}],"author":[{"embeddable":true,"href":"https:\/\/basinplatformu.com\/index.php\/wp-json\/wp\/v2\/users\/1"}],"replies":[{"embeddable":true,"href":"https:\/\/basinplatformu.com\/index.php\/wp-json\/wp\/v2\/comments?post=1491"}],"version-history":[{"count":2,"href":"https:\/\/basinplatformu.com\/index.php\/wp-json\/wp\/v2\/pages\/1491\/revisions"}],"predecessor-version":[{"id":1536,"href":"https:\/\/basinplatformu.com\/index.php\/wp-json\/wp\/v2\/pages\/1491\/revisions\/1536"}],"wp:featuredmedia":[{"embeddable":true,"href":"https:\/\/basinplatformu.com\/index.php\/wp-json\/wp\/v2\/media\/1535"}],"wp:attachment":[{"href":"https:\/\/basinplatformu.com\/index.php\/wp-json\/wp\/v2\/media?parent=1491"}],"curies":[{"name":"wp","href":"https:\/\/api.w.org\/{rel}","templated":true}]}}