{"id":1494,"date":"2024-10-23T18:10:57","date_gmt":"2024-10-23T15:10:57","guid":{"rendered":"https:\/\/basinplatformu.com\/?page_id=1494"},"modified":"2024-10-23T18:12:03","modified_gmt":"2024-10-23T15:12:03","slug":"misyon-vizyon","status":"publish","type":"page","link":"https:\/\/basinplatformu.com\/index.php\/misyon-vizyon\/","title":{"rendered":"Misyon &amp; Vizyon"},"content":{"rendered":"\n<p><strong>Misyon:<\/strong><br>T\u00fcrkiye genelindeki t\u00fcm bas\u0131n kurulu\u015flar\u0131n\u0131 tek bir \u00e7at\u0131 alt\u0131nda toplayarak, bas\u0131n mensuplar\u0131 ve medya kurulu\u015flar\u0131 aras\u0131ndaki ileti\u015fimi g\u00fc\u00e7lendirmek, do\u011fru ve tarafs\u0131z haber ak\u0131\u015f\u0131n\u0131 sa\u011flamak, bas\u0131n \u00f6zg\u00fcrl\u00fc\u011f\u00fcn\u00fc ve etik de\u011ferleri koruyarak kamuoyunun g\u00fcvenilir bilgiye eri\u015fimini desteklemektir. Bas\u0131n platformumuz, medya sekt\u00f6r\u00fcn\u00fcn geli\u015fimine katk\u0131da bulunmak ve bas\u0131n \u00e7al\u0131\u015fanlar\u0131n\u0131n haklar\u0131n\u0131 savunmak amac\u0131yla faaliyet g\u00f6sterir.<\/p>\n\n\n\n<p><strong>Vizyon:<\/strong><br>T\u00fcrkiye\u2019nin en kapsaml\u0131 ve g\u00fcvenilir bas\u0131n platformu olarak, t\u00fcm bas\u0131n kurulu\u015flar\u0131n\u0131n seslerini duyurabilecekleri, bilgi payla\u015f\u0131m\u0131 yapabilecekleri ve medya sekt\u00f6r\u00fcn\u00fcn standartlar\u0131n\u0131 y\u00fckseltebilecekleri bir ortam sunmak. Medya alan\u0131ndaki yenilik\u00e7i yakla\u015f\u0131mlarla bas\u0131n mensuplar\u0131n\u0131n g\u00fc\u00e7lenmesine katk\u0131da bulunmak ve dijitalle\u015fen d\u00fcnyada bas\u0131n kurulu\u015flar\u0131n\u0131n ihtiya\u00e7lar\u0131n\u0131 kar\u015f\u0131layarak sekt\u00f6r\u00fcn gelece\u011fine y\u00f6n veren bir lider olmakt\u0131r.<\/p>\n","protected":false},"excerpt":{"rendered":"<p>Misyon:T\u00fcrkiye genelindeki t\u00fcm bas\u0131n kurulu\u015flar\u0131n\u0131 tek bir&#46;&#46;&#46;<\/p>\n","protected":false},"author":1,"featured_media":0,"parent":0,"menu_order":0,"comment_status":"closed","ping_status":"closed","template":"","meta":{"footnotes":""},"class_list":["post-1494","page","type-page","status-publish","hentry"],"_links":{"self":[{"href":"https:\/\/basinplatformu.com\/index.php\/wp-json\/wp\/v2\/pages\/1494","targetHints":{"allow":["GET"]}}],"collection":[{"href":"https:\/\/basinplatformu.com\/index.php\/wp-json\/wp\/v2\/pages"}],"about":[{"href":"https:\/\/basinplatformu.com\/index.php\/wp-json\/wp\/v2\/types\/page"}],"author":[{"embeddable":true,"href":"https:\/\/basinplatformu.com\/index.php\/wp-json\/wp\/v2\/users\/1"}],"replies":[{"embeddable":true,"href":"https:\/\/basinplatformu.com\/index.php\/wp-json\/wp\/v2\/comments?post=1494"}],"version-history":[{"count":2,"href":"https:\/\/basinplatformu.com\/index.php\/wp-json\/wp\/v2\/pages\/1494\/revisions"}],"predecessor-version":[{"id":1497,"href":"https:\/\/basinplatformu.com\/index.php\/wp-json\/wp\/v2\/pages\/1494\/revisions\/1497"}],"wp:attachment":[{"href":"https:\/\/basinplatformu.com\/index.php\/wp-json\/wp\/v2\/media?parent=1494"}],"curies":[{"name":"wp","href":"https:\/\/api.w.org\/{rel}","templated":true}]}}