{"id":1511,"date":"2024-10-23T18:18:03","date_gmt":"2024-10-23T15:18:03","guid":{"rendered":"https:\/\/basinplatformu.com\/?page_id=1511"},"modified":"2025-01-11T15:28:47","modified_gmt":"2025-01-11T12:28:47","slug":"basin-karti","status":"publish","type":"page","link":"https:\/\/basinplatformu.com\/index.php\/basin-karti\/","title":{"rendered":"Bas\u0131n Platformu Kart\u0131"},"content":{"rendered":"\n<figure class=\"wp-block-gallery has-nested-images columns-default is-cropped wp-block-gallery-1 is-layout-flex wp-block-gallery-is-layout-flex\">\n<figure class=\"wp-block-image size-full\"><img loading=\"lazy\" decoding=\"async\" width=\"590\" height=\"1004\" data-id=\"1961\" src=\"https:\/\/basinplatformu.com\/wp-content\/uploads\/2025\/01\/1.png\" alt=\"\" class=\"wp-image-1961\"\/><figcaption class=\"wp-element-caption\">BASIN PLATFORMU KARTI \u00d6N<\/figcaption><\/figure>\n\n\n\n<figure class=\"wp-block-image size-full\"><img loading=\"lazy\" decoding=\"async\" width=\"590\" height=\"1004\" data-id=\"1964\" src=\"https:\/\/basinplatformu.com\/wp-content\/uploads\/2025\/01\/2-1.png\" alt=\"\" class=\"wp-image-1964\"\/><\/figure>\n<\/figure>\n\n\n\n<p class=\"has-text-align-center\">BASIN PLATFORMU K\u0130ML\u0130K KARTI \u00d6N-ARKA G\u00d6R\u00dcNT\u00dcS\u00dc<\/p>\n\n\n\n<figure class=\"wp-block-gallery has-nested-images columns-default is-cropped wp-block-gallery-2 is-layout-flex wp-block-gallery-is-layout-flex\">\n<figure class=\"wp-block-image size-large\"><img loading=\"lazy\" decoding=\"async\" width=\"590\" height=\"1004\" data-id=\"1542\" src=\"https:\/\/basinplatformu.com\/wp-content\/uploads\/2024\/10\/3-1.png\" alt=\"\" class=\"wp-image-1542\"\/><\/figure>\n\n\n\n<figure class=\"wp-block-image size-large\"><img loading=\"lazy\" decoding=\"async\" width=\"590\" height=\"1004\" data-id=\"1543\" src=\"https:\/\/basinplatformu.com\/wp-content\/uploads\/2024\/10\/4-1.png\" alt=\"\" class=\"wp-image-1543\"\/><\/figure>\n<\/figure>\n\n\n\n<p class=\"has-text-align-center\">BASIN PLATFORMU ARA\u00c7 TANITIM KARTI \u00d6N &#8211; ARKA G\u00d6R\u00dcNT\u00dc<\/p>\n","protected":false},"excerpt":{"rendered":"<p>BASIN PLATFORMU K\u0130ML\u0130K KARTI \u00d6N-ARKA G\u00d6R\u00dcNT\u00dcS\u00dc BASIN&#46;&#46;&#46;<\/p>\n","protected":false},"author":1,"featured_media":0,"parent":0,"menu_order":0,"comment_status":"closed","ping_status":"closed","template":"","meta":{"footnotes":""},"class_list":["post-1511","page","type-page","status-publish","hentry"],"_links":{"self":[{"href":"https:\/\/basinplatformu.com\/index.php\/wp-json\/wp\/v2\/pages\/1511","targetHints":{"allow":["GET"]}}],"collection":[{"href":"https:\/\/basinplatformu.com\/index.php\/wp-json\/wp\/v2\/pages"}],"about":[{"href":"https:\/\/basinplatformu.com\/index.php\/wp-json\/wp\/v2\/types\/page"}],"author":[{"embeddable":true,"href":"https:\/\/basinplatformu.com\/index.php\/wp-json\/wp\/v2\/users\/1"}],"replies":[{"embeddable":true,"href":"https:\/\/basinplatformu.com\/index.php\/wp-json\/wp\/v2\/comments?post=1511"}],"version-history":[{"count":5,"href":"https:\/\/basinplatformu.com\/index.php\/wp-json\/wp\/v2\/pages\/1511\/revisions"}],"predecessor-version":[{"id":1965,"href":"https:\/\/basinplatformu.com\/index.php\/wp-json\/wp\/v2\/pages\/1511\/revisions\/1965"}],"wp:attachment":[{"href":"https:\/\/basinplatformu.com\/index.php\/wp-json\/wp\/v2\/media?parent=1511"}],"curies":[{"name":"wp","href":"https:\/\/api.w.org\/{rel}","templated":true}]}}