{"id":1946,"date":"2025-01-11T15:23:14","date_gmt":"2025-01-11T12:23:14","guid":{"rendered":"https:\/\/basinplatformu.com\/?page_id=1946"},"modified":"2025-01-11T15:23:15","modified_gmt":"2025-01-11T12:23:15","slug":"mehmet-fatih-yildirim","status":"publish","type":"page","link":"https:\/\/basinplatformu.com\/index.php\/mehmet-fatih-yildirim\/","title":{"rendered":"Mehmet Fatih Y\u0131ld\u0131r\u0131m"},"content":{"rendered":"\n<div class=\"wp-block-group is-layout-grid wp-container-core-group-is-layout-da470f35 wp-block-group-is-layout-grid\">\n<figure class=\"wp-block-image size-full\"><img loading=\"lazy\" decoding=\"async\" width=\"590\" height=\"1004\" src=\"https:\/\/basinplatformu.com\/wp-content\/uploads\/2025\/01\/11.png\" alt=\"\" class=\"wp-image-1948\"\/><\/figure>\n\n\n\n<figure class=\"wp-block-image size-full\"><img loading=\"lazy\" decoding=\"async\" width=\"590\" height=\"1004\" src=\"https:\/\/basinplatformu.com\/wp-content\/uploads\/2025\/01\/12.png\" alt=\"\" class=\"wp-image-1949\"\/><\/figure>\n<\/div>\n\n\n\n<p>Ge\u00e7erlilik Tarihi : 31.12.2025<\/p>\n","protected":false},"excerpt":{"rendered":"<p>Ge\u00e7erlilik Tarihi : 31.12.2025<\/p>\n","protected":false},"author":1,"featured_media":0,"parent":0,"menu_order":0,"comment_status":"closed","ping_status":"closed","template":"","meta":{"footnotes":""},"class_list":["post-1946","page","type-page","status-publish","hentry"],"_links":{"self":[{"href":"https:\/\/basinplatformu.com\/index.php\/wp-json\/wp\/v2\/pages\/1946","targetHints":{"allow":["GET"]}}],"collection":[{"href":"https:\/\/basinplatformu.com\/index.php\/wp-json\/wp\/v2\/pages"}],"about":[{"href":"https:\/\/basinplatformu.com\/index.php\/wp-json\/wp\/v2\/types\/page"}],"author":[{"embeddable":true,"href":"https:\/\/basinplatformu.com\/index.php\/wp-json\/wp\/v2\/users\/1"}],"replies":[{"embeddable":true,"href":"https:\/\/basinplatformu.com\/index.php\/wp-json\/wp\/v2\/comments?post=1946"}],"version-history":[{"count":1,"href":"https:\/\/basinplatformu.com\/index.php\/wp-json\/wp\/v2\/pages\/1946\/revisions"}],"predecessor-version":[{"id":1950,"href":"https:\/\/basinplatformu.com\/index.php\/wp-json\/wp\/v2\/pages\/1946\/revisions\/1950"}],"wp:attachment":[{"href":"https:\/\/basinplatformu.com\/index.php\/wp-json\/wp\/v2\/media?parent=1946"}],"curies":[{"name":"wp","href":"https:\/\/api.w.org\/{rel}","templated":true}]}}